{"id":3,"date":"2022-05-23T20:21:46","date_gmt":"2022-05-23T20:21:46","guid":{"rendered":"https:\/\/bayerbayer.be\/?page_id=3"},"modified":"2022-07-06T11:41:09","modified_gmt":"2022-07-06T11:41:09","slug":"privacy-policy","status":"publish","type":"page","link":"https:\/\/bayerbayer.be\/fr\/privacy-policy\/","title":{"rendered":"Conditions g\u00e9n\u00e9rales d\u2019utilisation"},"content":{"rendered":"\n<h2 class=\"wp-block-heading\">R\u00e8gles de confidentialit\u00e9<\/h2>\n\n\n\n<p>Vos donn\u00e9es sont collect\u00e9es uniquement dans le but de vous proposer nos services dans les meilleures conditions. Notre soci\u00e9t\u00e9 s\u2019engage \u00e0 respecter la confidentialit\u00e9 de vos donn\u00e9es. Vous trouverez ci-dessous le d\u00e9tail de la mani\u00e8re dont vos informations personnelles seront utilis\u00e9es comme votre nom, votre adresse, votre mail, \u2026.<br>Ces r\u00e8gles concernent exclusivement la collecte de donn\u00e9es sur notre site via les formulaires de contact.<\/p>\n\n\n\n<p>L\u2019utilisation du site et le fait de remplir des formulaires implique votre accord sur la collecte de vos informations personnelles qui seront utilis\u00e9es comme suit :<\/p>\n\n\n\n<h2 class=\"wp-block-heading\">Quelles informations sont collect\u00e9es ?<\/h2>\n\n\n\n<p>Nous collectons les coordonn\u00e9es g\u00e9n\u00e9rales de l\u2019internaute, \u00e0 savoir (selon les champs disponibles) son nom, pr\u00e9nom, adresse compl\u00e8te, t\u00e9l\u00e9phone, adresse e-mail ainsi que des informations propres aux services pour lesquels votre demande sera faite.<\/p>\n\n\n\n<h2 class=\"wp-block-heading\">Que faisons-nous avec vos informations ?<\/h2>\n\n\n\n<p>L\u2019objectif en r\u00e9coltant vos donn\u00e9es est de r\u00e9pondre \u00e0 vos demandes d\u2019informations en relations avec les services et produits contenu sur notre site internet. (demandes de catalogue, information sur les prix, demande de devis ou d\u2019information g\u00e9n\u00e9rale).<\/p>\n\n\n\n<p>Communication client : Gr\u00e2ce \u00e0 vos donn\u00e9es, nous pourrions prendre contact avec vous car nous consid\u00e9rons cet \u00e9change comme partie int\u00e9grante de notre service. Nous pourrions utiliser votre adresse e-mail et\/ou postale pour vous informer de nos nouveaut\u00e9s, de promotions, et offres de tiers qui serait susceptibles de vous int\u00e9resser.<\/p>\n\n\n\n<p>Il vous sera toujours et \u00e0 tout moment possible de vous d\u00e9sabonner en cliquant sur le lien \u00ab Se d\u00e9sabonner \u00bb figurant en bas de page de chaque e-mail.<\/p>\n\n\n\n<h2 class=\"wp-block-heading\">Partage de vos informations.<\/h2>\n\n\n\n<p>Vos donn\u00e9es collect\u00e9es ne seront jamais transmises \u00e0 des entreprises tierces.<\/p>\n\n\n\n<h2 class=\"wp-block-heading\">Suppression de vos informations personnelles<\/h2>\n\n\n\n<p>En cas de stockage de vos informations dans une base de donn\u00e9es et utilis\u00e9es pour l\u2019envoi de newsletters (voir paragraphe ci-dessus : communication client), il vous sera toujours possible de vous d\u00e9sinscrire en cliquant sur le lien pr\u00e9vu \u00e0 cet effet en bas de chaque e-mail.<\/p>\n\n\n\n<h2 class=\"wp-block-heading\">Conditions d\u2019utilisation des cookies<\/h2>\n\n\n\n<p>Les cookies, qu\u2019est-ce que c\u2019est ?<br>Le site utilise des cookies, une pratique courante sur de nombreux sites Internet. Les cookies sont de petites quantit\u00e9s d\u2019informations stock\u00e9es dans des fichiers textes qui sont enregistr\u00e9s sur votre ordinateur lorsque vous visitez le site. Les informations stock\u00e9es dans ces fichiers seront renvoy\u00e9es \u00e0 notre serveur lors de votre prochaine visite.<\/p>\n\n\n\n<h2 class=\"wp-block-heading\">\u00c0 quoi servent les cookies ?<\/h2>\n\n\n\n<p>Les cookies ont deux fonctions : faciliter la navigation sur un site Internet, et collecter des informations, comme par exemple m\u00e9moriser le contenu de votre panier, ou le mot de passe de votre compte utilisateur. C\u2019est gr\u00e2ce \u00e0 cela que, lors de votre prochaine visite sur notre site, vous retrouverez les produits que vous aviez plac\u00e9s dans votre panier, et vous n\u2019aurez pas besoin de renseigner votre mot de passe pour vous connecter.<\/p>\n\n\n\n<h2 class=\"wp-block-heading\">Les cookies enregistrent-ils des informations personnelles ?<\/h2>\n\n\n\n<p>Les cookies ne m\u00e9morisent aucune information personnelle, et aucune information qui permettrait de vous identifier en tant que personne. D\u2019autre part, les cookies ne peuvent pas endommager (les fichiers de) votre ordinateur.<\/p>\n\n\n\n<h2 class=\"wp-block-heading\">Nous utilisons les types de cookies suivants :<\/h2>\n\n\n\n<ul class=\"wp-block-list\"><li>Cookies fonctionnels : Les cookies fonctionnels servent \u00e0 faciliter votre navigation sur notre site Internet. Nous utilisons des cookies fonctionnels pour vous permettre d\u2019ajouter des produits \u00e0 votre panier, et de les retrouver dans votre panier lorsque vous revenez sur notre site Internet. Nous utilisons \u00e9galement des cookies qui, lorsque nous utilisons la fonction de dialogue en ligne, nous permettent de suivre les transactions que vous r\u00e9alisez \u00e0 l\u2019\u00e9cran, et nous donnent ainsi les moyens de vous guider pas \u00e0 pas, le cas \u00e9ch\u00e9ant. Un cookie permet de contr\u00f4ler si l\u2019utilisateur a choisi de fermer cette pop-up explicative, afin qu\u2019elle ne revienne pas s\u2019afficher \u00e0 l\u2019\u00e9cran \u00e0 chaque fois. C\u2019est aussi un cookie qui est utilis\u00e9 pour ne plus afficher la barre d\u2019informations concernant l\u2019utilisation des cookies une fois que l\u2019utilisateur l\u2019a ferm\u00e9e.<\/li><li>Cookies utilis\u00e9s \u00e0 des fins d\u2019analyse : Ces cookies nous permettent d\u2019analyser le comportement de navigation des visiteurs de notre site Internet. Nous nous en servons pour, le cas \u00e9ch\u00e9ant, am\u00e9liorer la convivialit\u00e9 de notre site.<\/li><li>Cookies publicitaires : Ces cookies nous permettent d\u2019analyser la pertinence des publicit\u00e9s que nous publions sur notre site. Ainsi, nous sommes en mesure d\u2019identifier et d\u2019afficher les publicit\u00e9s et les offres promotionnelles qui correspondent le mieux \u00e0 vos centres d\u2019int\u00e9r\u00eats.<\/li><\/ul>\n","protected":false},"excerpt":{"rendered":"<p>R\u00e8gles de confidentialit\u00e9 Vos donn\u00e9es sont collect\u00e9es uniquement dans le but de vous proposer nos services dans les meilleures conditions. [&hellip;]<\/p>\n","protected":false},"author":1,"featured_media":0,"parent":0,"menu_order":0,"comment_status":"closed","ping_status":"closed","template":"","meta":{"_acf_changed":false,"footnotes":""},"class_list":["post-3","page","type-page","status-publish","hentry"],"acf":[],"yoast_head":"<!-- This site is optimized with the Yoast SEO plugin v27.3 - https:\/\/yoast.com\/product\/yoast-seo-wordpress\/ -->\n<title>Conditions g\u00e9n\u00e9rales d\u2019utilisation - Bayer &amp; Bayer<\/title>\n<meta name=\"robots\" content=\"index, follow, max-snippet:-1, max-image-preview:large, max-video-preview:-1\" \/>\n<link rel=\"canonical\" href=\"https:\/\/bayerbayer.be\/fr\/privacy-policy\/\" \/>\n<meta property=\"og:locale\" content=\"fr_FR\" \/>\n<meta property=\"og:type\" content=\"article\" \/>\n<meta property=\"og:title\" content=\"Conditions g\u00e9n\u00e9rales d\u2019utilisation - Bayer &amp; Bayer\" \/>\n<meta property=\"og:description\" content=\"R\u00e8gles de confidentialit\u00e9 Vos donn\u00e9es sont collect\u00e9es uniquement dans le but de vous proposer nos services dans les meilleures conditions. [&hellip;]\" \/>\n<meta property=\"og:url\" content=\"https:\/\/bayerbayer.be\/fr\/privacy-policy\/\" \/>\n<meta property=\"og:site_name\" content=\"Bayer &amp; Bayer\" \/>\n<meta property=\"article:publisher\" content=\"https:\/\/www.facebook.com\/bayer.bayersablon\/\" \/>\n<meta property=\"article:modified_time\" content=\"2022-07-06T11:41:09+00:00\" \/>\n<meta name=\"twitter:card\" content=\"summary_large_image\" \/>\n<meta name=\"twitter:label1\" content=\"Dur\u00e9e de lecture estim\u00e9e\" \/>\n\t<meta name=\"twitter:data1\" content=\"4 minutes\" \/>\n<script type=\"application\/ld+json\" class=\"yoast-schema-graph\">{\"@context\":\"https:\\\/\\\/schema.org\",\"@graph\":[{\"@type\":\"WebPage\",\"@id\":\"https:\\\/\\\/bayerbayer.be\\\/fr\\\/privacy-policy\\\/\",\"url\":\"https:\\\/\\\/bayerbayer.be\\\/fr\\\/privacy-policy\\\/\",\"name\":\"Conditions g\u00e9n\u00e9rales d\u2019utilisation - Bayer &amp; Bayer\",\"isPartOf\":{\"@id\":\"https:\\\/\\\/bayerbayer.be\\\/fr\\\/#website\"},\"datePublished\":\"2022-05-23T20:21:46+00:00\",\"dateModified\":\"2022-07-06T11:41:09+00:00\",\"breadcrumb\":{\"@id\":\"https:\\\/\\\/bayerbayer.be\\\/fr\\\/privacy-policy\\\/#breadcrumb\"},\"inLanguage\":\"fr-FR\",\"potentialAction\":[{\"@type\":\"ReadAction\",\"target\":[\"https:\\\/\\\/bayerbayer.be\\\/fr\\\/privacy-policy\\\/\"]}]},{\"@type\":\"BreadcrumbList\",\"@id\":\"https:\\\/\\\/bayerbayer.be\\\/fr\\\/privacy-policy\\\/#breadcrumb\",\"itemListElement\":[{\"@type\":\"ListItem\",\"position\":1,\"name\":\"Accueil\",\"item\":\"https:\\\/\\\/bayerbayer.be\\\/fr\\\/\"},{\"@type\":\"ListItem\",\"position\":2,\"name\":\"Conditions g\u00e9n\u00e9rales d\u2019utilisation\"}]},{\"@type\":\"WebSite\",\"@id\":\"https:\\\/\\\/bayerbayer.be\\\/fr\\\/#website\",\"url\":\"https:\\\/\\\/bayerbayer.be\\\/fr\\\/\",\"name\":\"Bayer &amp; Bayer\",\"description\":\"Le barbier de Bruxelles\",\"publisher\":{\"@id\":\"https:\\\/\\\/bayerbayer.be\\\/fr\\\/#organization\"},\"potentialAction\":[{\"@type\":\"SearchAction\",\"target\":{\"@type\":\"EntryPoint\",\"urlTemplate\":\"https:\\\/\\\/bayerbayer.be\\\/fr\\\/?s={search_term_string}\"},\"query-input\":{\"@type\":\"PropertyValueSpecification\",\"valueRequired\":true,\"valueName\":\"search_term_string\"}}],\"inLanguage\":\"fr-FR\"},{\"@type\":\"Organization\",\"@id\":\"https:\\\/\\\/bayerbayer.be\\\/fr\\\/#organization\",\"name\":\"Bayer & Bayer\",\"url\":\"https:\\\/\\\/bayerbayer.be\\\/fr\\\/\",\"logo\":{\"@type\":\"ImageObject\",\"inLanguage\":\"fr-FR\",\"@id\":\"https:\\\/\\\/bayerbayer.be\\\/fr\\\/#\\\/schema\\\/logo\\\/image\\\/\",\"url\":\"https:\\\/\\\/bayerbayer.be\\\/wp-content\\\/uploads\\\/2022\\\/07\\\/Bayerbayer-Thumbnail.jpg\",\"contentUrl\":\"https:\\\/\\\/bayerbayer.be\\\/wp-content\\\/uploads\\\/2022\\\/07\\\/Bayerbayer-Thumbnail.jpg\",\"width\":1200,\"height\":630,\"caption\":\"Bayer & Bayer\"},\"image\":{\"@id\":\"https:\\\/\\\/bayerbayer.be\\\/fr\\\/#\\\/schema\\\/logo\\\/image\\\/\"},\"sameAs\":[\"https:\\\/\\\/www.facebook.com\\\/bayer.bayersablon\\\/\",\"https:\\\/\\\/www.instagram.com\\\/bayerandbayer\\\/\"]}]}<\/script>\n<!-- \/ Yoast SEO plugin. -->","yoast_head_json":{"title":"Conditions g\u00e9n\u00e9rales d\u2019utilisation - Bayer &amp; Bayer","robots":{"index":"index","follow":"follow","max-snippet":"max-snippet:-1","max-image-preview":"max-image-preview:large","max-video-preview":"max-video-preview:-1"},"canonical":"https:\/\/bayerbayer.be\/fr\/privacy-policy\/","og_locale":"fr_FR","og_type":"article","og_title":"Conditions g\u00e9n\u00e9rales d\u2019utilisation - Bayer &amp; Bayer","og_description":"R\u00e8gles de confidentialit\u00e9 Vos donn\u00e9es sont collect\u00e9es uniquement dans le but de vous proposer nos services dans les meilleures conditions. [&hellip;]","og_url":"https:\/\/bayerbayer.be\/fr\/privacy-policy\/","og_site_name":"Bayer &amp; Bayer","article_publisher":"https:\/\/www.facebook.com\/bayer.bayersablon\/","article_modified_time":"2022-07-06T11:41:09+00:00","twitter_card":"summary_large_image","twitter_misc":{"Dur\u00e9e de lecture estim\u00e9e":"4 minutes"},"schema":{"@context":"https:\/\/schema.org","@graph":[{"@type":"WebPage","@id":"https:\/\/bayerbayer.be\/fr\/privacy-policy\/","url":"https:\/\/bayerbayer.be\/fr\/privacy-policy\/","name":"Conditions g\u00e9n\u00e9rales d\u2019utilisation - Bayer &amp; Bayer","isPartOf":{"@id":"https:\/\/bayerbayer.be\/fr\/#website"},"datePublished":"2022-05-23T20:21:46+00:00","dateModified":"2022-07-06T11:41:09+00:00","breadcrumb":{"@id":"https:\/\/bayerbayer.be\/fr\/privacy-policy\/#breadcrumb"},"inLanguage":"fr-FR","potentialAction":[{"@type":"ReadAction","target":["https:\/\/bayerbayer.be\/fr\/privacy-policy\/"]}]},{"@type":"BreadcrumbList","@id":"https:\/\/bayerbayer.be\/fr\/privacy-policy\/#breadcrumb","itemListElement":[{"@type":"ListItem","position":1,"name":"Accueil","item":"https:\/\/bayerbayer.be\/fr\/"},{"@type":"ListItem","position":2,"name":"Conditions g\u00e9n\u00e9rales d\u2019utilisation"}]},{"@type":"WebSite","@id":"https:\/\/bayerbayer.be\/fr\/#website","url":"https:\/\/bayerbayer.be\/fr\/","name":"Bayer &amp; Bayer","description":"Le barbier de Bruxelles","publisher":{"@id":"https:\/\/bayerbayer.be\/fr\/#organization"},"potentialAction":[{"@type":"SearchAction","target":{"@type":"EntryPoint","urlTemplate":"https:\/\/bayerbayer.be\/fr\/?s={search_term_string}"},"query-input":{"@type":"PropertyValueSpecification","valueRequired":true,"valueName":"search_term_string"}}],"inLanguage":"fr-FR"},{"@type":"Organization","@id":"https:\/\/bayerbayer.be\/fr\/#organization","name":"Bayer & Bayer","url":"https:\/\/bayerbayer.be\/fr\/","logo":{"@type":"ImageObject","inLanguage":"fr-FR","@id":"https:\/\/bayerbayer.be\/fr\/#\/schema\/logo\/image\/","url":"https:\/\/bayerbayer.be\/wp-content\/uploads\/2022\/07\/Bayerbayer-Thumbnail.jpg","contentUrl":"https:\/\/bayerbayer.be\/wp-content\/uploads\/2022\/07\/Bayerbayer-Thumbnail.jpg","width":1200,"height":630,"caption":"Bayer & Bayer"},"image":{"@id":"https:\/\/bayerbayer.be\/fr\/#\/schema\/logo\/image\/"},"sameAs":["https:\/\/www.facebook.com\/bayer.bayersablon\/","https:\/\/www.instagram.com\/bayerandbayer\/"]}]}},"_links":{"self":[{"href":"https:\/\/bayerbayer.be\/fr\/wp-json\/wp\/v2\/pages\/3","targetHints":{"allow":["GET"]}}],"collection":[{"href":"https:\/\/bayerbayer.be\/fr\/wp-json\/wp\/v2\/pages"}],"about":[{"href":"https:\/\/bayerbayer.be\/fr\/wp-json\/wp\/v2\/types\/page"}],"author":[{"embeddable":true,"href":"https:\/\/bayerbayer.be\/fr\/wp-json\/wp\/v2\/users\/1"}],"replies":[{"embeddable":true,"href":"https:\/\/bayerbayer.be\/fr\/wp-json\/wp\/v2\/comments?post=3"}],"version-history":[{"count":3,"href":"https:\/\/bayerbayer.be\/fr\/wp-json\/wp\/v2\/pages\/3\/revisions"}],"predecessor-version":[{"id":2619,"href":"https:\/\/bayerbayer.be\/fr\/wp-json\/wp\/v2\/pages\/3\/revisions\/2619"}],"wp:attachment":[{"href":"https:\/\/bayerbayer.be\/fr\/wp-json\/wp\/v2\/media?parent=3"}],"curies":[{"name":"wp","href":"https:\/\/api.w.org\/{rel}","templated":true}]}}