{"id":265,"date":"2022-06-16T10:40:59","date_gmt":"2022-06-16T10:40:59","guid":{"rendered":"https:\/\/bayerbayer.be\/?post_type=product&#038;p=265"},"modified":"2026-02-10T00:31:46","modified_gmt":"2026-02-09T23:31:46","slug":"grooming-beard-30min","status":"publish","type":"product","link":"https:\/\/bayerbayer.be\/fr\/produit\/grooming-beard-30min\/","title":{"rendered":"Grooming Beard"},"content":{"rendered":"","protected":false},"excerpt":{"rendered":"<p>Consultation diagnostique, \u00e9pilations, cocktail au choix et sculpture de barbe.<br \/>\nGommage du visage, shampooing pour barbe, taille de barbe, serviette chaude parfum\u00e9e, savonnage au blaireau, rasage \u00e0 la lame en deux passages, application d\u2019apr\u00e8s-rasage, cr\u00e8me pour le visage, cr\u00e8me pour les contour des yeux et huile ou s\u00e9rum nourrissant pour la barbe.<\/p>\n","protected":false},"featured_media":259,"template":"","meta":{"_acf_changed":false},"product_brand":[],"product_cat":[19],"product_tag":[],"class_list":{"0":"post-265","1":"product","2":"type-product","3":"status-publish","4":"has-post-thumbnail","6":"product_cat-bons-cadeaux","8":"first","9":"instock","10":"virtual","11":"purchasable","12":"product-type-simple"},"acf":[],"yoast_head":"<!-- This site is optimized with the Yoast SEO plugin v27.4 - https:\/\/yoast.com\/product\/yoast-seo-wordpress\/ -->\n<title>Grooming Beard - Bayer &amp; Bayer<\/title>\n<meta name=\"robots\" content=\"index, follow, max-snippet:-1, max-image-preview:large, max-video-preview:-1\" \/>\n<link rel=\"canonical\" href=\"https:\/\/bayerbayer.be\/fr\/produit\/grooming-beard-30min\/\" \/>\n<meta property=\"og:locale\" content=\"fr_FR\" \/>\n<meta property=\"og:type\" content=\"article\" \/>\n<meta property=\"og:title\" content=\"Grooming Beard - Bayer &amp; Bayer\" \/>\n<meta property=\"og:description\" content=\"Consultation diagnostique, \u00e9pilations, cocktail au choix et sculpture de barbe. Gommage du visage, shampooing pour barbe, taille de barbe, serviette chaude parfum\u00e9e, savonnage au blaireau, rasage \u00e0 la lame en deux passages, application d\u2019apr\u00e8s-rasage, cr\u00e8me pour le visage, cr\u00e8me pour les contour des yeux et huile ou s\u00e9rum nourrissant pour la barbe.\" \/>\n<meta property=\"og:url\" content=\"https:\/\/bayerbayer.be\/fr\/produit\/grooming-beard-30min\/\" \/>\n<meta property=\"og:site_name\" content=\"Bayer &amp; Bayer\" \/>\n<meta property=\"article:publisher\" content=\"https:\/\/www.facebook.com\/bayer.bayersablon\/\" \/>\n<meta property=\"article:modified_time\" content=\"2026-02-09T23:31:46+00:00\" \/>\n<meta property=\"og:image\" content=\"https:\/\/bayerbayer.be\/wp-content\/uploads\/2022\/06\/bespoke-1.jpg\" \/>\n\t<meta property=\"og:image:width\" content=\"600\" \/>\n\t<meta property=\"og:image:height\" content=\"400\" \/>\n\t<meta property=\"og:image:type\" content=\"image\/jpeg\" \/>\n<meta name=\"twitter:card\" content=\"summary_large_image\" \/>\n<meta name=\"twitter:label1\" content=\"Dur\u00e9e de lecture estim\u00e9e\" \/>\n\t<meta name=\"twitter:data1\" content=\"1 minute\" \/>\n<script type=\"application\/ld+json\" class=\"yoast-schema-graph\">{\"@context\":\"https:\\\/\\\/schema.org\",\"@graph\":[{\"@type\":\"WebPage\",\"@id\":\"https:\\\/\\\/bayerbayer.be\\\/fr\\\/produit\\\/grooming-beard-30min\\\/\",\"url\":\"https:\\\/\\\/bayerbayer.be\\\/fr\\\/produit\\\/grooming-beard-30min\\\/\",\"name\":\"Grooming Beard - Bayer &amp; Bayer\",\"isPartOf\":{\"@id\":\"https:\\\/\\\/bayerbayer.be\\\/fr\\\/#website\"},\"primaryImageOfPage\":{\"@id\":\"https:\\\/\\\/bayerbayer.be\\\/fr\\\/produit\\\/grooming-beard-30min\\\/#primaryimage\"},\"image\":{\"@id\":\"https:\\\/\\\/bayerbayer.be\\\/fr\\\/produit\\\/grooming-beard-30min\\\/#primaryimage\"},\"thumbnailUrl\":\"https:\\\/\\\/bayerbayer.be\\\/wp-content\\\/uploads\\\/2022\\\/06\\\/bespoke-1.jpg\",\"datePublished\":\"2022-06-16T10:40:59+00:00\",\"dateModified\":\"2026-02-09T23:31:46+00:00\",\"breadcrumb\":{\"@id\":\"https:\\\/\\\/bayerbayer.be\\\/fr\\\/produit\\\/grooming-beard-30min\\\/#breadcrumb\"},\"inLanguage\":\"fr-FR\",\"potentialAction\":[{\"@type\":\"ReadAction\",\"target\":[\"https:\\\/\\\/bayerbayer.be\\\/fr\\\/produit\\\/grooming-beard-30min\\\/\"]}]},{\"@type\":\"ImageObject\",\"inLanguage\":\"fr-FR\",\"@id\":\"https:\\\/\\\/bayerbayer.be\\\/fr\\\/produit\\\/grooming-beard-30min\\\/#primaryimage\",\"url\":\"https:\\\/\\\/bayerbayer.be\\\/wp-content\\\/uploads\\\/2022\\\/06\\\/bespoke-1.jpg\",\"contentUrl\":\"https:\\\/\\\/bayerbayer.be\\\/wp-content\\\/uploads\\\/2022\\\/06\\\/bespoke-1.jpg\",\"width\":600,\"height\":400},{\"@type\":\"BreadcrumbList\",\"@id\":\"https:\\\/\\\/bayerbayer.be\\\/fr\\\/produit\\\/grooming-beard-30min\\\/#breadcrumb\",\"itemListElement\":[{\"@type\":\"ListItem\",\"position\":1,\"name\":\"Accueil\",\"item\":\"https:\\\/\\\/bayerbayer.be\\\/fr\\\/\"},{\"@type\":\"ListItem\",\"position\":2,\"name\":\"Boutique\",\"item\":\"https:\\\/\\\/bayerbayer.be\\\/fr\\\/boutique\\\/\"},{\"@type\":\"ListItem\",\"position\":3,\"name\":\"Grooming Beard\"}]},{\"@type\":\"WebSite\",\"@id\":\"https:\\\/\\\/bayerbayer.be\\\/fr\\\/#website\",\"url\":\"https:\\\/\\\/bayerbayer.be\\\/fr\\\/\",\"name\":\"Bayer &amp; Bayer\",\"description\":\"Le barbier de Bruxelles\",\"publisher\":{\"@id\":\"https:\\\/\\\/bayerbayer.be\\\/fr\\\/#organization\"},\"potentialAction\":[{\"@type\":\"SearchAction\",\"target\":{\"@type\":\"EntryPoint\",\"urlTemplate\":\"https:\\\/\\\/bayerbayer.be\\\/fr\\\/?s={search_term_string}\"},\"query-input\":{\"@type\":\"PropertyValueSpecification\",\"valueRequired\":true,\"valueName\":\"search_term_string\"}}],\"inLanguage\":\"fr-FR\"},{\"@type\":\"Organization\",\"@id\":\"https:\\\/\\\/bayerbayer.be\\\/fr\\\/#organization\",\"name\":\"Bayer & Bayer\",\"url\":\"https:\\\/\\\/bayerbayer.be\\\/fr\\\/\",\"logo\":{\"@type\":\"ImageObject\",\"inLanguage\":\"fr-FR\",\"@id\":\"https:\\\/\\\/bayerbayer.be\\\/fr\\\/#\\\/schema\\\/logo\\\/image\\\/\",\"url\":\"https:\\\/\\\/bayerbayer.be\\\/wp-content\\\/uploads\\\/2022\\\/07\\\/Bayerbayer-Thumbnail.jpg\",\"contentUrl\":\"https:\\\/\\\/bayerbayer.be\\\/wp-content\\\/uploads\\\/2022\\\/07\\\/Bayerbayer-Thumbnail.jpg\",\"width\":1200,\"height\":630,\"caption\":\"Bayer & Bayer\"},\"image\":{\"@id\":\"https:\\\/\\\/bayerbayer.be\\\/fr\\\/#\\\/schema\\\/logo\\\/image\\\/\"},\"sameAs\":[\"https:\\\/\\\/www.facebook.com\\\/bayer.bayersablon\\\/\",\"https:\\\/\\\/www.instagram.com\\\/bayerandbayer\\\/\"]}]}<\/script>\n<!-- \/ Yoast SEO plugin. -->","yoast_head_json":{"title":"Grooming Beard - Bayer &amp; Bayer","robots":{"index":"index","follow":"follow","max-snippet":"max-snippet:-1","max-image-preview":"max-image-preview:large","max-video-preview":"max-video-preview:-1"},"canonical":"https:\/\/bayerbayer.be\/fr\/produit\/grooming-beard-30min\/","og_locale":"fr_FR","og_type":"article","og_title":"Grooming Beard - Bayer &amp; Bayer","og_description":"Consultation diagnostique, \u00e9pilations, cocktail au choix et sculpture de barbe. Gommage du visage, shampooing pour barbe, taille de barbe, serviette chaude parfum\u00e9e, savonnage au blaireau, rasage \u00e0 la lame en deux passages, application d\u2019apr\u00e8s-rasage, cr\u00e8me pour le visage, cr\u00e8me pour les contour des yeux et huile ou s\u00e9rum nourrissant pour la barbe.","og_url":"https:\/\/bayerbayer.be\/fr\/produit\/grooming-beard-30min\/","og_site_name":"Bayer &amp; Bayer","article_publisher":"https:\/\/www.facebook.com\/bayer.bayersablon\/","article_modified_time":"2026-02-09T23:31:46+00:00","og_image":[{"width":600,"height":400,"url":"https:\/\/bayerbayer.be\/wp-content\/uploads\/2022\/06\/bespoke-1.jpg","type":"image\/jpeg"}],"twitter_card":"summary_large_image","twitter_misc":{"Dur\u00e9e de lecture estim\u00e9e":"1 minute"},"schema":{"@context":"https:\/\/schema.org","@graph":[{"@type":"WebPage","@id":"https:\/\/bayerbayer.be\/fr\/produit\/grooming-beard-30min\/","url":"https:\/\/bayerbayer.be\/fr\/produit\/grooming-beard-30min\/","name":"Grooming Beard - Bayer &amp; Bayer","isPartOf":{"@id":"https:\/\/bayerbayer.be\/fr\/#website"},"primaryImageOfPage":{"@id":"https:\/\/bayerbayer.be\/fr\/produit\/grooming-beard-30min\/#primaryimage"},"image":{"@id":"https:\/\/bayerbayer.be\/fr\/produit\/grooming-beard-30min\/#primaryimage"},"thumbnailUrl":"https:\/\/bayerbayer.be\/wp-content\/uploads\/2022\/06\/bespoke-1.jpg","datePublished":"2022-06-16T10:40:59+00:00","dateModified":"2026-02-09T23:31:46+00:00","breadcrumb":{"@id":"https:\/\/bayerbayer.be\/fr\/produit\/grooming-beard-30min\/#breadcrumb"},"inLanguage":"fr-FR","potentialAction":[{"@type":"ReadAction","target":["https:\/\/bayerbayer.be\/fr\/produit\/grooming-beard-30min\/"]}]},{"@type":"ImageObject","inLanguage":"fr-FR","@id":"https:\/\/bayerbayer.be\/fr\/produit\/grooming-beard-30min\/#primaryimage","url":"https:\/\/bayerbayer.be\/wp-content\/uploads\/2022\/06\/bespoke-1.jpg","contentUrl":"https:\/\/bayerbayer.be\/wp-content\/uploads\/2022\/06\/bespoke-1.jpg","width":600,"height":400},{"@type":"BreadcrumbList","@id":"https:\/\/bayerbayer.be\/fr\/produit\/grooming-beard-30min\/#breadcrumb","itemListElement":[{"@type":"ListItem","position":1,"name":"Accueil","item":"https:\/\/bayerbayer.be\/fr\/"},{"@type":"ListItem","position":2,"name":"Boutique","item":"https:\/\/bayerbayer.be\/fr\/boutique\/"},{"@type":"ListItem","position":3,"name":"Grooming Beard"}]},{"@type":"WebSite","@id":"https:\/\/bayerbayer.be\/fr\/#website","url":"https:\/\/bayerbayer.be\/fr\/","name":"Bayer &amp; Bayer","description":"Le barbier de Bruxelles","publisher":{"@id":"https:\/\/bayerbayer.be\/fr\/#organization"},"potentialAction":[{"@type":"SearchAction","target":{"@type":"EntryPoint","urlTemplate":"https:\/\/bayerbayer.be\/fr\/?s={search_term_string}"},"query-input":{"@type":"PropertyValueSpecification","valueRequired":true,"valueName":"search_term_string"}}],"inLanguage":"fr-FR"},{"@type":"Organization","@id":"https:\/\/bayerbayer.be\/fr\/#organization","name":"Bayer & Bayer","url":"https:\/\/bayerbayer.be\/fr\/","logo":{"@type":"ImageObject","inLanguage":"fr-FR","@id":"https:\/\/bayerbayer.be\/fr\/#\/schema\/logo\/image\/","url":"https:\/\/bayerbayer.be\/wp-content\/uploads\/2022\/07\/Bayerbayer-Thumbnail.jpg","contentUrl":"https:\/\/bayerbayer.be\/wp-content\/uploads\/2022\/07\/Bayerbayer-Thumbnail.jpg","width":1200,"height":630,"caption":"Bayer & Bayer"},"image":{"@id":"https:\/\/bayerbayer.be\/fr\/#\/schema\/logo\/image\/"},"sameAs":["https:\/\/www.facebook.com\/bayer.bayersablon\/","https:\/\/www.instagram.com\/bayerandbayer\/"]}]}},"_links":{"self":[{"href":"https:\/\/bayerbayer.be\/fr\/wp-json\/wp\/v2\/product\/265","targetHints":{"allow":["GET"]}}],"collection":[{"href":"https:\/\/bayerbayer.be\/fr\/wp-json\/wp\/v2\/product"}],"about":[{"href":"https:\/\/bayerbayer.be\/fr\/wp-json\/wp\/v2\/types\/product"}],"wp:featuredmedia":[{"embeddable":true,"href":"https:\/\/bayerbayer.be\/fr\/wp-json\/wp\/v2\/media\/259"}],"wp:attachment":[{"href":"https:\/\/bayerbayer.be\/fr\/wp-json\/wp\/v2\/media?parent=265"}],"wp:term":[{"taxonomy":"product_brand","embeddable":true,"href":"https:\/\/bayerbayer.be\/fr\/wp-json\/wp\/v2\/product_brand?post=265"},{"taxonomy":"product_cat","embeddable":true,"href":"https:\/\/bayerbayer.be\/fr\/wp-json\/wp\/v2\/product_cat?post=265"},{"taxonomy":"product_tag","embeddable":true,"href":"https:\/\/bayerbayer.be\/fr\/wp-json\/wp\/v2\/product_tag?post=265"}],"curies":[{"name":"wp","href":"https:\/\/api.w.org\/{rel}","templated":true}]}}